{"id":527,"date":"2019-07-05T23:34:30","date_gmt":"2019-07-05T23:34:30","guid":{"rendered":"https:\/\/www.whiterabbit.com.tr\/?page_id=527"},"modified":"2019-07-05T23:34:32","modified_gmt":"2019-07-05T23:34:32","slug":"pipo-ve-tutunlukler","status":"publish","type":"page","link":"https:\/\/www.whiterabbit.com.tr\/?page_id=527","title":{"rendered":"Pipo ve T\u00fct\u00fcnl\u00fckler"},"content":{"rendered":"","protected":false},"excerpt":{"rendered":"","protected":false},"author":1,"featured_media":0,"parent":0,"menu_order":0,"comment_status":"closed","ping_status":"closed","template":"","meta":{"_et_pb_use_builder":"","_et_pb_old_content":"","footnotes":""},"class_list":["post-527","page","type-page","status-publish","hentry"],"_links":{"self":[{"href":"https:\/\/www.whiterabbit.com.tr\/index.php?rest_route=\/wp\/v2\/pages\/527","targetHints":{"allow":["GET"]}}],"collection":[{"href":"https:\/\/www.whiterabbit.com.tr\/index.php?rest_route=\/wp\/v2\/pages"}],"about":[{"href":"https:\/\/www.whiterabbit.com.tr\/index.php?rest_route=\/wp\/v2\/types\/page"}],"author":[{"embeddable":true,"href":"https:\/\/www.whiterabbit.com.tr\/index.php?rest_route=\/wp\/v2\/users\/1"}],"replies":[{"embeddable":true,"href":"https:\/\/www.whiterabbit.com.tr\/index.php?rest_route=%2Fwp%2Fv2%2Fcomments&post=527"}],"version-history":[{"count":1,"href":"https:\/\/www.whiterabbit.com.tr\/index.php?rest_route=\/wp\/v2\/pages\/527\/revisions"}],"predecessor-version":[{"id":529,"href":"https:\/\/www.whiterabbit.com.tr\/index.php?rest_route=\/wp\/v2\/pages\/527\/revisions\/529"}],"wp:attachment":[{"href":"https:\/\/www.whiterabbit.com.tr\/index.php?rest_route=%2Fwp%2Fv2%2Fmedia&parent=527"}],"curies":[{"name":"wp","href":"https:\/\/api.w.org\/{rel}","templated":true}]}}