{"id":438,"date":"2019-07-05T18:06:33","date_gmt":"2019-07-05T18:06:33","guid":{"rendered":"https:\/\/www.whiterabbit.com.tr\/?page_id=438"},"modified":"2019-07-09T00:08:22","modified_gmt":"2019-07-09T00:08:22","slug":"urunlerimiz","status":"publish","type":"page","link":"https:\/\/www.whiterabbit.com.tr\/?page_id=438","title":{"rendered":"\u00dcR\u00dcNLER\u0130M\u0130Z"},"content":{"rendered":"<p>[et_pb_section fb_built=&#8221;1&#8243; admin_label=&#8221;Hero Section&#8221; _builder_version=&#8221;3.25.3&#8243; use_background_color_gradient=&#8221;on&#8221; background_color_gradient_start=&#8221;#20a4f7&#8243; background_color_gradient_end=&#8221;#92f4e4&#8243; background_color_gradient_direction=&#8221;131deg&#8221; custom_padding=&#8221;80px|0px|80px|0px&#8221; animation_style=&#8221;slide&#8221; animation_direction=&#8221;top&#8221; animation_intensity_slide=&#8221;2%&#8221; animation_starting_opacity=&#8221;100%&#8221; locked=&#8221;off&#8221;][et_pb_row custom_padding=&#8221;|||&#8221; _builder_version=&#8221;3.25&#8243; background_size=&#8221;initial&#8221; background_position=&#8221;top_left&#8221; background_repeat=&#8221;repeat&#8221; custom_width_px=&#8221;1440px&#8221;][et_pb_column type=&#8221;4_4&#8243; _builder_version=&#8221;3.25&#8243; custom_padding=&#8221;|||&#8221; custom_padding__hover=&#8221;|||&#8221;][et_pb_text _builder_version=&#8221;3.25.3&#8243; text_font=&#8221;||||||||&#8221; header_font=&#8221;Playfair Display|700|||||||&#8221; header_text_color=&#8221;#ffffff&#8221; header_font_size=&#8221;60px&#8221; header_line_height=&#8221;1.5em&#8221; header_2_font=&#8221;||||||||&#8221; header_3_font=&#8221;||||||||&#8221; header_4_font=&#8221;||||||||&#8221; header_5_font=&#8221;||||||||&#8221; header_6_font=&#8221;||||||||&#8221; background_size=&#8221;initial&#8221; background_position=&#8221;top_left&#8221; background_repeat=&#8221;repeat&#8221; text_orientation=&#8221;center&#8221; module_alignment=&#8221;center&#8221; custom_margin=&#8221;||20px|&#8221; locked=&#8221;off&#8221;]<\/p>\n<h1>\u00dcr\u00fcnlerimiz<\/h1>\n<p>[\/et_pb_text][et_pb_divider color=&#8221;#f7d584&#8243; divider_weight=&#8221;3px&#8221; disabled_on=&#8221;on|on|off&#8221; _builder_version=&#8221;3.2&#8243; max_width=&#8221;80px&#8221; module_alignment=&#8221;center&#8221; height=&#8221;10px&#8221; custom_margin=&#8221;||20px|&#8221; animation_style=&#8221;slide&#8221; animation_direction=&#8221;bottom&#8221; saved_tabs=&#8221;all&#8221; locked=&#8221;off&#8221;][\/et_pb_divider][et_pb_text _builder_version=&#8221;3.25.3&#8243; text_font=&#8221;Poppins||||||||&#8221; text_text_color=&#8221;rgba(255,255,255,0.8)&#8221; text_font_size=&#8221;18px&#8221; text_line_height=&#8221;1.8em&#8221; header_font=&#8221;||||||||&#8221; text_orientation=&#8221;center&#8221; max_width=&#8221;900px&#8221; module_alignment=&#8221;center&#8221; custom_margin=&#8221;|||166px||&#8221; custom_padding=&#8221;|||0px||&#8221; locked=&#8221;off&#8221;]<\/p>\n<p>B\u00fcy\u00fck bir titizlik i\u00e7inde, uluslar aras\u0131 standartlar ile m\u00fc\u015fterilerimizin standartlar\u0131 harmanlay\u0131p, istenilen kalitede \u00e7eyrek as\u0131d\u0131r sizin i\u00e7in \u00fcretiyoruz. Ya\u015fam\u0131n her bir kesitine bizim \u00fcr\u00fcnlerimiz ile \u015fahit olmak ve her an\u0131 \u00fcr\u00fcnlerimiz ile ya\u015famak bir\u00a0 zevktir. sizlere hizmet vermekten mutluyuz.<\/p>\n<p>[\/et_pb_text][\/et_pb_column][\/et_pb_row][\/et_pb_section][et_pb_section fb_built=&#8221;1&#8243; _builder_version=&#8221;3.22.3&#8243; custom_padding=&#8221;160px|0px|54px|0px&#8221;][et_pb_row column_structure=&#8221;1_4,1_4,1_4,1_4&#8243; use_custom_gutter=&#8221;on&#8221; gutter_width=&#8221;2&#8243; _builder_version=&#8221;3.25.3&#8243; background_size=&#8221;initial&#8221; background_position=&#8221;top_left&#8221; background_repeat=&#8221;repeat&#8221; animation_style=&#8221;zoom&#8221; animation_direction=&#8221;left&#8221; animation_duration=&#8221;1650ms&#8221; global_module=&#8221;461&#8243; saved_tabs=&#8221;all&#8221;][et_pb_column type=&#8221;1_4&#8243; _builder_version=&#8221;3.25.3&#8243; custom_padding=&#8221;|||&#8221; custom_padding__hover=&#8221;|||&#8221;][et_pb_image src=&#8221;https:\/\/www.whiterabbit.com.tr\/wp-content\/uploads\/2019\/07\/fashionwoman.jpg&#8221; url=&#8221;https:\/\/www.whiterabbit.com.tr\/?page_id=69&#8243; _builder_version=&#8221;3.25.3&#8243; background_color=&#8221;#e06100&#8243; width=&#8221;100%&#8221; max_width=&#8221;100%&#8221; max_height=&#8221;711px&#8221;][\/et_pb_image][et_pb_text _builder_version=&#8221;3.25.3&#8243; text_font=&#8221;Poppins||||||||&#8221; text_text_color=&#8221;#2b2b2b&#8221; text_line_height=&#8221;1.3em&#8221; background_size=&#8221;initial&#8221; background_position=&#8221;top_left&#8221; background_repeat=&#8221;repeat&#8221; box_shadow_style=&#8221;preset2&#8243; box_shadow_color=&#8221;#7cda24&#8243; link_option_url=&#8221;https:\/\/www.whiterabbit.com.tr\/?page_id=69&#8243;]<\/p>\n<h5 style=\"text-align: center;\">Kad\u0131n Modelleri<\/h5>\n<p>[\/et_pb_text][\/et_pb_column][et_pb_column type=&#8221;1_4&#8243; _builder_version=&#8221;3.25.3&#8243;][et_pb_image src=&#8221;https:\/\/www.whiterabbit.com.tr\/wp-content\/uploads\/2019\/07\/Erkek.jpg&#8221; url=&#8221;https:\/\/www.whiterabbit.com.tr\/?page_id=65&#8243; _builder_version=&#8221;3.25.3&#8243;][\/et_pb_image][et_pb_text _builder_version=&#8221;3.25.3&#8243; text_font=&#8221;Poppins||||||||&#8221; text_text_color=&#8221;#2b2b2b&#8221; text_line_height=&#8221;1.3em&#8221; background_size=&#8221;initial&#8221; background_position=&#8221;top_left&#8221; background_repeat=&#8221;repeat&#8221; box_shadow_style=&#8221;preset2&#8243; box_shadow_color=&#8221;#7cda24&#8243; link_option_url=&#8221;https:\/\/www.whiterabbit.com.tr\/?page_id=65&#8243;]<\/p>\n<h5 style=\"text-align: center;\">Erkek Modelleri<\/h5>\n<p>[\/et_pb_text][\/et_pb_column][et_pb_column type=&#8221;1_4&#8243; _builder_version=&#8221;3.25&#8243; custom_padding=&#8221;|||&#8221; custom_padding__hover=&#8221;|||&#8221;][et_pb_image src=&#8221;https:\/\/www.whiterabbit.com.tr\/wp-content\/uploads\/2019\/07\/unisex-Modeller.jpg&#8221; url=&#8221;https:\/\/www.whiterabbit.com.tr\/?page_id=72&#8243; _builder_version=&#8221;3.25.3&#8243;][\/et_pb_image][et_pb_text _builder_version=&#8221;3.25.3&#8243; text_font=&#8221;Poppins||||||||&#8221; text_text_color=&#8221;#2b2b2b&#8221; text_line_height=&#8221;1.3em&#8221; header_font=&#8221;||||||||&#8221; background_size=&#8221;initial&#8221; background_position=&#8221;top_left&#8221; background_repeat=&#8221;repeat&#8221; box_shadow_style=&#8221;preset2&#8243; box_shadow_color=&#8221;#7cda24&#8243; link_option_url=&#8221;https:\/\/www.whiterabbit.com.tr\/?page_id=72&#8243;]<\/p>\n<h5 style=\"text-align: center;\">Unisex Modeller<\/h5>\n<p>[\/et_pb_text][\/et_pb_column][et_pb_column type=&#8221;1_4&#8243; _builder_version=&#8221;3.25&#8243; custom_padding=&#8221;|||&#8221; custom_padding__hover=&#8221;|||&#8221;][et_pb_image src=&#8221;https:\/\/www.whiterabbit.com.tr\/wp-content\/uploads\/2019\/07\/BEBEK.jpg&#8221; url=&#8221;https:\/\/www.whiterabbit.com.tr\/?page_id=517&#8243; _builder_version=&#8221;3.25.3&#8243;][\/et_pb_image][et_pb_text _builder_version=&#8221;3.25.3&#8243; text_font=&#8221;Poppins||||||||&#8221; text_text_color=&#8221;#2b2b2b&#8221; text_line_height=&#8221;1.3em&#8221; background_size=&#8221;initial&#8221; background_position=&#8221;top_left&#8221; background_repeat=&#8221;repeat&#8221; box_shadow_style=&#8221;preset2&#8243; box_shadow_color=&#8221;#7cda24&#8243; link_option_url=&#8221;https:\/\/www.whiterabbit.com.tr\/?page_id=517&#8243;]<\/p>\n<h5 style=\"text-align: center;\">\u00a0Baby Owl\u00a0 Kolleksiyonlar\u0131<\/h5>\n<p>[\/et_pb_text][\/et_pb_column][\/et_pb_row][et_pb_row column_structure=&#8221;1_4,1_4,1_4,1_4&#8243; use_custom_gutter=&#8221;on&#8221; gutter_width=&#8221;2&#8243; _builder_version=&#8221;3.25.3&#8243; background_size=&#8221;initial&#8221; background_position=&#8221;top_left&#8221; background_repeat=&#8221;repeat&#8221; animation_style=&#8221;zoom&#8221; animation_direction=&#8221;right&#8221; animation_duration=&#8221;1650ms&#8221; animation_starting_opacity=&#8221;75%&#8221; animation_speed_curve=&#8221;ease-in&#8221; saved_tabs=&#8221;all&#8221;][et_pb_column type=&#8221;1_4&#8243; _builder_version=&#8221;3.25.3&#8243; custom_padding=&#8221;|||&#8221; custom_padding__hover=&#8221;|||&#8221;][et_pb_image src=&#8221;https:\/\/www.whiterabbit.com.tr\/wp-content\/uploads\/2019\/07\/pipo-1.jpg&#8221; url=&#8221;https:\/\/www.whiterabbit.com.tr\/?page_id=527&#8243; _builder_version=&#8221;3.25.3&#8243; background_color=&#8221;#e06100&#8243; width=&#8221;100%&#8221; max_width=&#8221;100%&#8221; max_height=&#8221;711px&#8221;][\/et_pb_image][et_pb_text _builder_version=&#8221;3.25.3&#8243; text_font=&#8221;Poppins||||||||&#8221; text_text_color=&#8221;#2b2b2b&#8221; text_line_height=&#8221;1.3em&#8221; background_size=&#8221;initial&#8221; background_position=&#8221;top_left&#8221; background_repeat=&#8221;repeat&#8221; box_shadow_style=&#8221;preset2&#8243; box_shadow_color=&#8221;#7cda24&#8243; link_option_url=&#8221;https:\/\/www.whiterabbit.com.tr\/?page_id=527&#8243;]<\/p>\n<h5 style=\"text-align: center;\">Pipo ve T\u00fct\u00fcn Aksesuar Modelleri<\/h5>\n<p>[\/et_pb_text][\/et_pb_column][et_pb_column type=&#8221;1_4&#8243; _builder_version=&#8221;3.25.3&#8243;][et_pb_image src=&#8221;https:\/\/www.whiterabbit.com.tr\/wp-content\/uploads\/2019\/07\/Deri-Aksesuarlar.jpg&#8221; url=&#8221;https:\/\/www.whiterabbit.com.tr\/?page_id=530&#8243; _builder_version=&#8221;3.25.3&#8243;][\/et_pb_image][et_pb_text _builder_version=&#8221;3.25.3&#8243; text_font=&#8221;Poppins||||||||&#8221; text_text_color=&#8221;#2b2b2b&#8221; text_line_height=&#8221;1.3em&#8221; background_size=&#8221;initial&#8221; background_position=&#8221;top_left&#8221; background_repeat=&#8221;repeat&#8221; box_shadow_style=&#8221;preset2&#8243; box_shadow_color=&#8221;#7cda24&#8243; link_option_url=&#8221;https:\/\/www.whiterabbit.com.tr\/?page_id=530&#8243;]<\/p>\n<h5 style=\"text-align: center;\">Deri Aksesuar Modelleri<\/h5>\n<p>[\/et_pb_text][\/et_pb_column][et_pb_column type=&#8221;1_4&#8243; _builder_version=&#8221;3.25&#8243; custom_padding=&#8221;|||&#8221; custom_padding__hover=&#8221;|||&#8221;][et_pb_image src=&#8221;https:\/\/www.whiterabbit.com.tr\/wp-content\/uploads\/2019\/07\/01-\u00d6rg\u00fcl\u00fc-Erkek.jpg&#8221; url=&#8221;https:\/\/www.whiterabbit.com.tr\/?page_id=533&#8243; _builder_version=&#8221;3.25.3&#8243;][\/et_pb_image][et_pb_text _builder_version=&#8221;3.25.3&#8243; text_font=&#8221;Poppins||||||||&#8221; text_text_color=&#8221;#2b2b2b&#8221; text_line_height=&#8221;1.3em&#8221; header_font=&#8221;||||||||&#8221; background_size=&#8221;initial&#8221; background_position=&#8221;top_left&#8221; background_repeat=&#8221;repeat&#8221; box_shadow_style=&#8221;preset2&#8243; box_shadow_color=&#8221;#7cda24&#8243; link_option_url=&#8221;https:\/\/www.whiterabbit.com.tr\/?page_id=533&#8243;]<\/p>\n<h5 style=\"text-align: center;\">Deri Kemerler<\/h5>\n<p>[\/et_pb_text][\/et_pb_column][et_pb_column type=&#8221;1_4&#8243; _builder_version=&#8221;3.25&#8243; custom_padding=&#8221;|||&#8221; custom_padding__hover=&#8221;|||&#8221;][et_pb_image src=&#8221;https:\/\/www.whiterabbit.com.tr\/wp-content\/uploads\/2019\/07\/eldiven-1.jpg&#8221; url=&#8221;https:\/\/www.whiterabbit.com.tr\/?page_id=536&#8243; _builder_version=&#8221;3.25.3&#8243;][\/et_pb_image][et_pb_text _builder_version=&#8221;3.25.3&#8243; text_font=&#8221;Poppins||||||||&#8221; text_text_color=&#8221;#2b2b2b&#8221; text_line_height=&#8221;1.3em&#8221; background_size=&#8221;initial&#8221; background_position=&#8221;top_left&#8221; background_repeat=&#8221;repeat&#8221; box_shadow_style=&#8221;preset2&#8243; box_shadow_color=&#8221;#7cda24&#8243; link_option_url=&#8221;https:\/\/www.whiterabbit.com.tr\/?page_id=536&#8243;]<\/p>\n<h5 style=\"text-align: center;\">Deri Eldivenler<\/h5>\n<p>[\/et_pb_text][\/et_pb_column][\/et_pb_row][et_pb_row column_structure=&#8221;1_4,1_4,1_4,1_4&#8243; use_custom_gutter=&#8221;on&#8221; gutter_width=&#8221;2&#8243; _builder_version=&#8221;3.25.3&#8243; background_size=&#8221;initial&#8221; background_position=&#8221;top_left&#8221; background_repeat=&#8221;repeat&#8221; animation_style=&#8221;zoom&#8221; animation_direction=&#8221;left&#8221; animation_duration=&#8221;1650ms&#8221; saved_tabs=&#8221;all&#8221;][et_pb_column type=&#8221;1_4&#8243; _builder_version=&#8221;3.25.3&#8243; custom_padding=&#8221;|||&#8221; custom_padding__hover=&#8221;|||&#8221;][et_pb_image src=&#8221;https:\/\/www.whiterabbit.com.tr\/wp-content\/uploads\/2019\/07\/seyahat.jpg&#8221; url=&#8221;https:\/\/www.whiterabbit.com.tr\/?page_id=539&#8243; _builder_version=&#8221;3.25.3&#8243; background_color=&#8221;#e06100&#8243; width=&#8221;100%&#8221; max_width=&#8221;100%&#8221; max_height=&#8221;711px&#8221;][\/et_pb_image][et_pb_text _builder_version=&#8221;3.25.3&#8243; text_font=&#8221;Poppins||||||||&#8221; text_text_color=&#8221;#2b2b2b&#8221; text_line_height=&#8221;1.3em&#8221; background_size=&#8221;initial&#8221; background_position=&#8221;top_left&#8221; background_repeat=&#8221;repeat&#8221; box_shadow_style=&#8221;preset2&#8243; box_shadow_color=&#8221;#7cda24&#8243; link_option_url=&#8221;https:\/\/www.whiterabbit.com.tr\/?page_id=539&#8243;]<\/p>\n<h5 style=\"text-align: center;\">Seyahat Modelleri<\/h5>\n<p>[\/et_pb_text][\/et_pb_column][et_pb_column type=&#8221;1_4&#8243; _builder_version=&#8221;3.25.3&#8243;][et_pb_image src=&#8221;https:\/\/www.whiterabbit.com.tr\/wp-content\/uploads\/2019\/07\/Kad\u0131n-Erkek-Modeller.jpg&#8221; _builder_version=&#8221;3.25.3&#8243;][\/et_pb_image][et_pb_text _builder_version=&#8221;3.25.3&#8243; text_font=&#8221;Poppins||||||||&#8221; text_text_color=&#8221;#2b2b2b&#8221; text_line_height=&#8221;1.3em&#8221; background_size=&#8221;initial&#8221; background_position=&#8221;top_left&#8221; background_repeat=&#8221;repeat&#8221; box_shadow_style=&#8221;preset2&#8243; box_shadow_color=&#8221;#7cda24&#8243;]<\/p>\n<h5 style=\"text-align: center;\">Modelleri<\/h5>\n<p>[\/et_pb_text][\/et_pb_column][et_pb_column type=&#8221;1_4&#8243; _builder_version=&#8221;3.25&#8243; custom_padding=&#8221;|||&#8221; custom_padding__hover=&#8221;|||&#8221;][et_pb_image src=&#8221;https:\/\/www.whiterabbit.com.tr\/wp-content\/uploads\/2019\/07\/S\u0130ZE-\u00d6ZEL.jpg&#8221; _builder_version=&#8221;3.25.3&#8243;][\/et_pb_image][et_pb_text _builder_version=&#8221;3.25.3&#8243; text_font=&#8221;Poppins||||||||&#8221; text_text_color=&#8221;#2b2b2b&#8221; text_line_height=&#8221;1.3em&#8221; header_font=&#8221;||||||||&#8221; background_size=&#8221;initial&#8221; background_position=&#8221;top_left&#8221; background_repeat=&#8221;repeat&#8221; box_shadow_style=&#8221;preset2&#8243; box_shadow_color=&#8221;#7cda24&#8243;]<\/p>\n<h5 style=\"text-align: center;\">\u00a0Modeller<\/h5>\n<p>[\/et_pb_text][\/et_pb_column][et_pb_column type=&#8221;1_4&#8243; _builder_version=&#8221;3.25&#8243; custom_padding=&#8221;|||&#8221; custom_padding__hover=&#8221;|||&#8221;][et_pb_image src=&#8221;https:\/\/www.whiterabbit.com.tr\/wp-content\/uploads\/2019\/07\/BEBEK.jpg&#8221; _builder_version=&#8221;3.25.3&#8243;][\/et_pb_image][et_pb_text _builder_version=&#8221;3.25.3&#8243; text_font=&#8221;Poppins||||||||&#8221; text_text_color=&#8221;#2b2b2b&#8221; text_line_height=&#8221;1.3em&#8221; background_size=&#8221;initial&#8221; background_position=&#8221;top_left&#8221; background_repeat=&#8221;repeat&#8221; box_shadow_style=&#8221;preset2&#8243; box_shadow_color=&#8221;#7cda24&#8243;]<\/p>\n<h5 style=\"text-align: center;\">\u00a0Kolleksiyonlar<\/h5>\n<p>[\/et_pb_text][\/et_pb_column][\/et_pb_row][\/et_pb_section]<\/p>\n","protected":false},"excerpt":{"rendered":"<p>[et_pb_section fb_built=&#8221;1&#8243; admin_label=&#8221;Hero Section&#8221; _builder_version=&#8221;3.25.3&#8243; use_background_color_gradient=&#8221;on&#8221; background_color_gradient_start=&#8221;#20a4f7&#8243; background_color_gradient_end=&#8221;#92f4e4&#8243; background_color_gradient_direction=&#8221;131deg&#8221; custom_padding=&#8221;80px|0px|80px|0px&#8221; animation_style=&#8221;slide&#8221; animation_direction=&#8221;top&#8221; animation_intensity_slide=&#8221;2%&#8221; animation_starting_opacity=&#8221;100%&#8221; locked=&#8221;off&#8221;][et_pb_row custom_padding=&#8221;|||&#8221; _builder_version=&#8221;3.25&#8243; background_size=&#8221;initial&#8221; background_position=&#8221;top_left&#8221; background_repeat=&#8221;repeat&#8221; custom_width_px=&#8221;1440px&#8221;][et_pb_column type=&#8221;4_4&#8243; _builder_version=&#8221;3.25&#8243; custom_padding=&#8221;|||&#8221; custom_padding__hover=&#8221;|||&#8221;][et_pb_text _builder_version=&#8221;3.25.3&#8243; text_font=&#8221;||||||||&#8221; header_font=&#8221;Playfair Display|700|||||||&#8221; header_text_color=&#8221;#ffffff&#8221; header_font_size=&#8221;60px&#8221; header_line_height=&#8221;1.5em&#8221; header_2_font=&#8221;||||||||&#8221; header_3_font=&#8221;||||||||&#8221; header_4_font=&#8221;||||||||&#8221; header_5_font=&#8221;||||||||&#8221; header_6_font=&#8221;||||||||&#8221; background_size=&#8221;initial&#8221; background_position=&#8221;top_left&#8221; background_repeat=&#8221;repeat&#8221; text_orientation=&#8221;center&#8221; module_alignment=&#8221;center&#8221; custom_margin=&#8221;||20px|&#8221; locked=&#8221;off&#8221;] \u00dcr\u00fcnlerimiz [\/et_pb_text][et_pb_divider color=&#8221;#f7d584&#8243; divider_weight=&#8221;3px&#8221; disabled_on=&#8221;on|on|off&#8221; _builder_version=&#8221;3.2&#8243; max_width=&#8221;80px&#8221; module_alignment=&#8221;center&#8221; height=&#8221;10px&#8221; custom_margin=&#8221;||20px|&#8221; animation_style=&#8221;slide&#8221; [&hellip;]<\/p>\n","protected":false},"author":1,"featured_media":0,"parent":0,"menu_order":0,"comment_status":"closed","ping_status":"closed","template":"","meta":{"_et_pb_use_builder":"on","_et_pb_old_content":"","footnotes":""},"class_list":["post-438","page","type-page","status-publish","hentry"],"_links":{"self":[{"href":"https:\/\/www.whiterabbit.com.tr\/index.php?rest_route=\/wp\/v2\/pages\/438","targetHints":{"allow":["GET"]}}],"collection":[{"href":"https:\/\/www.whiterabbit.com.tr\/index.php?rest_route=\/wp\/v2\/pages"}],"about":[{"href":"https:\/\/www.whiterabbit.com.tr\/index.php?rest_route=\/wp\/v2\/types\/page"}],"author":[{"embeddable":true,"href":"https:\/\/www.whiterabbit.com.tr\/index.php?rest_route=\/wp\/v2\/users\/1"}],"replies":[{"embeddable":true,"href":"https:\/\/www.whiterabbit.com.tr\/index.php?rest_route=%2Fwp%2Fv2%2Fcomments&post=438"}],"version-history":[{"count":15,"href":"https:\/\/www.whiterabbit.com.tr\/index.php?rest_route=\/wp\/v2\/pages\/438\/revisions"}],"predecessor-version":[{"id":596,"href":"https:\/\/www.whiterabbit.com.tr\/index.php?rest_route=\/wp\/v2\/pages\/438\/revisions\/596"}],"wp:attachment":[{"href":"https:\/\/www.whiterabbit.com.tr\/index.php?rest_route=%2Fwp%2Fv2%2Fmedia&parent=438"}],"curies":[{"name":"wp","href":"https:\/\/api.w.org\/{rel}","templated":true}]}}